{"id":3,"date":"2018-12-02T18:46:31","date_gmt":"2018-12-02T17:46:31","guid":{"rendered":"http:\/\/weicamp.de\/cms\/?page_id=3"},"modified":"2020-12-27T10:36:10","modified_gmt":"2020-12-27T09:36:10","slug":"datenschutzerklaerung","status":"publish","type":"page","link":"https:\/\/www.weicamp.de\/cms\/datenschutzerklaerung\/","title":{"rendered":"Datenschutz"},"content":{"rendered":"<p><strong>Datenschutzerkl\u00e4rung des Campingplatz \u201eSietower Bucht\u201c<br \/>\n<\/strong><strong>\u00a0<\/strong><\/p>\n<ol>\n<li><strong> Allgemeine Hinweise<\/strong><\/li>\n<\/ol>\n<p><strong>Der Schutz Ihrer Privatsph\u00e4re ist uns wichtig. Daher m\u00f6chten wir Sie einfach und verst\u00e4ndlich dar\u00fcber informieren, was mit Ihren personenbezogenen Daten bei uns passiert<\/strong><strong>. <\/strong>Personenbezogene Daten sind alle Daten, mit denen Sie pers\u00f6nlich identifiziert werden k\u00f6nnen.<strong>\u00a0<\/strong><\/p>\n<ol start=\"2\">\n<li><strong> \u00a0Verantwortung f\u00fcr Ihre personenbezogenen Daten<\/strong><\/li>\n<\/ol>\n<p>www.weicamp.de ist Eigentum und wird verwaltet von Campingplatz \u201eSietower Bucht\u201c, Andreas Weidler, Dorfstr. 21, 17209 Sietow-Dorf, Deutschland.<br \/>\nDatenschutzbeauftragter ist Herr Andreas Weidler, Dorfstr. 21, 17209 Sietow-Dorf, Deutschland.\u00a0Campingplatz \u201eSietower Bucht\u201c ist verantwortlich f\u00fcr die korrekte Verarbeitung der personenbezogenen Daten. Campingplatz \u201eSietower Bucht\u201c speichert und verarbeitet Ihre personenbezogenen Daten gem\u00e4\u00df den Gesetzen im Bereich Datenschutz und Privatsph\u00e4re und der DS-GVO.\u00a0Anfragen zum Datenschutz k\u00f6nnen schriftlich an die E-Mail-Adresse weicamp@aol.com gerichtet werden.<\/p>\n<ol start=\"3\">\n<li><strong> \u00a0Informationen, die erfasst und verarbeitet werden<\/strong><\/li>\n<\/ol>\n<p>Wir verarbeiten die personenbezogenen Daten, die Sie als Campinggast bei Anmeldung oder Ihrer Buchung angegeben haben. Dies sind in der Regel Ihr Name, Ihre Adresse, Ihre Telefonnummer, evtl. eine E-Mail-Adresse, Fahrzeug, Fahrzeugkennzeichen und Zahlungsinformationen.<\/p>\n<p>Der Zugangsbereich zum Campingplatz ist kamera\u00fcberwacht. Die Aufnahmen werden gespeichert.<\/p>\n<p>Auf unserer Web-Seite werden keine personenbezogenen Daten erfasst.<\/p>\n<ol start=\"4\">\n<li><strong> \u00a0Zweck der Verarbeitung personenbezogener Daten<\/strong><\/li>\n<\/ol>\n<p>Die personenbezogenen Daten, die Sie dem Campingplatz \u201eSietower Bucht\u201c \u00a0mitteilen, k\u00f6nnen zu verschiedenen Zwecken verwendet werden, zum Beispiel:<\/p>\n<ul>\n<li>\u00a0um Ihnen von Ihnen angeforderte Informationen zu schicken<\/li>\n<li>\u00a0um Ihre Buchung durchzuf\u00fchren<\/li>\n<li>\u00a0um Ihre Anmeldung zu registrieren<\/li>\n<li>\u00a0um Ihre Rechnung zu erstellen<\/li>\n<li>\u00a0um unsere gesetzlichen Pflichten zu erf\u00fcllen (z.B. Aufbewahrungspflicht von Rechnungen).<\/li>\n<\/ul>\n<ol start=\"5\">\n<li><strong> \u00a0Rechtsgrundlage f\u00fcr die Verarbeitung personenbezogener Daten<\/strong><\/li>\n<\/ol>\n<p>Die Rechtsgrundlage f\u00fcr die Verarbeitung personenbezogener Daten regelt Artikel 6 Abs. 1 der DS-GVO.<\/p>\n<p>Die Verarbeitung personenbezogener Daten, die Sie uns bei Anfragen, Buchungen, An- und Abmeldung\u00a0angeben sind notwendig, um Ihre Anfragen zu beantworten, Buchungen durchzuf\u00fchren und\/ oder den Mietvertrag erf\u00fcllen zu k\u00f6nnen. Wenn Sie zur Angabe dieser Informationen nicht bereit sind, k\u00f6nnen wir Ihre Buchung nicht durchf\u00fchren.<\/p>\n<p>Der Campingplatz \u201eSietower Bucht\u201c gibt Ihre personenbezogenen Daten nicht an Gesch\u00e4ftspartner weiter, damit diese Sie gesondert mit guten Angeboten etc. kontaktieren k\u00f6nnen, es sei denn, Sie haben hierf\u00fcr gesondert Ihr Einverst\u00e4ndnis erkl\u00e4rt.<br \/>\nWenn der Campingplatz \u201eSietower Bucht\u201c Fotos oder Videos von Ihnen f\u00fcr das Marketing verwendet, bitten wir vor der Verwendung um Ihr Einverst\u00e4ndnis hierf\u00fcr.<\/p>\n<p>Wenn durch Gesetze eine rechtliche Verpflichtung zur Verarbeitung festgelegt ist, wird der Campingplatz \u201eSietower Bucht\u201c die Verarbeitung Ihrer personenbezogenen Daten auch auf der Basis dieser rechtlichen Verpflichtung vornehmen.<\/p>\n<ol start=\"6\">\n<li><strong> \u00a0Weitergabe von personenbezogenen Daten<\/strong><\/li>\n<\/ol>\n<p>Der Campingplatz \u201eSietower Bucht\u201c gibt in notwendigem Umfang relevante personenbezogene Daten an \u00f6ffentliche Beh\u00f6rden weiter, wie es gem\u00e4\u00df geltender Gesetze erforderlich ist.<\/p>\n<ol start=\"7\">\n<li><strong> \u00a0Zeitraum f\u00fcr die Speicherung personenbezogener Daten<\/strong><\/li>\n<\/ol>\n<p>Das Kriterium f\u00fcr die Dauer der Speicherung von personenbezogenen Daten ist die jeweilige gesetzliche Aufbewahrungsfrist. Nach Ablauf der Frist werden die entsprechenden Daten routinem\u00e4\u00dfig gel\u00f6scht, sofern sie nicht mehr zur Vertragserf\u00fcllung oder Vertragsanbahnung erforderlich sind.<strong>\u00a0<\/strong><\/p>\n<ol start=\"8\">\n<li><strong> Cookies, Schutz vor Spam und Bots<br \/>\n<\/strong><\/li>\n<\/ol>\n<p>Diese Homepage ist mit WordPress erstellt. Wir verwenden notwendige Cookies. Notwendige Cookies helfen dabei, eine Webseite nutzbar zu machen, indem sie Grundfunktionen wie Seitennavigation und Zugriff auf sichere Bereiche der Webseite erm\u00f6glichen. Die Webseite kann ohne diese Cookies nicht richtig funktionieren.<\/p>\n<p>Cookies sind kleine Textdateien, die von Webseiten verwendet werden, um die Benutzererfahrung effizienter zu gestalten.<\/p>\n<p>Laut Gesetz k\u00f6nnen wir Cookies auf Ihrem Ger\u00e4t speichern, wenn diese f\u00fcr den Betrieb dieser Seite unbedingt notwendig sind. F\u00fcr alle anderen Cookie-Typen ben\u00f6tigen wir Ihre Erlaubnis.<\/p>\n<p>Diese Seite wird mit reCAPTCHA V3 vor Spam und Bots gesch\u00fctzt.<\/p>\n<p><strong>\u00a0\u00a0\u00a0\u00a0\u00a0\u00a0 9.\u00a0 Ihre Rechte <\/strong><\/p>\n<p>Ihre Rechte werden im Einzelnen in den Artikeln 12 bis 23 DS-GVO geregelt.<\/p>\n<p>Sie haben das Recht, dar\u00fcber informiert zu werden, welche Daten der Campingplatz \u201eSietower Bucht\u201c erfasst hat, und Daten \u00e4ndern zu lassen, falls sie unrichtig sind.<\/p>\n<p>Sie haben das Recht, eine Kopie der personenbezogenen Daten zu erhalten, die verarbeitet werden.<\/p>\n<p>Sie haben das Recht, Ihre personenbezogenen Daten l\u00f6schen zu lassen, wenn die Informationen nicht mehr notwendig sind, um die Zwecke zu erf\u00fcllen, f\u00fcr die sie erfasst worden sind, oder wenn die Verarbeitung unrechtm\u00e4\u00dfig ist.<\/p>\n<p>Sie haben das Recht, vom Campingplatz \u201eSietower Bucht\u201c eine Beschr\u00e4nkung der Verarbeitung Ihrer personenbezogenen Daten zu verlangen.<\/p>\n<p>Sie haben das Recht, vom Campingplatz \u201eSietower Bucht\u201cdie Einstellung des Versands von Werbematerial an Sie zu verlangen.<\/p>\n<p>Sie haben das Recht, Ihre personenbezogenen Daten in einem \u00fcblicherweise verwendeten und maschinenlesbaren Format zu erhalten.<\/p>\n<p>Sie haben das Recht, bei einer Aufsichtsbeh\u00f6rde eine Beschwerde einzureichen.<\/p>\n<p>Sie haben das Recht, Ihr Einverst\u00e4ndnis zur Verarbeitung jederzeit zu widerrufen.<\/p>\n<p><strong>\u00a0\u00a0\u00a0\u00a0\u00a0\u00a0\u00a0 10.\u00a0 Aktualisierung der Datenschutzerkl\u00e4rung<\/strong><\/p>\n<p>Die Datenschutzerkl\u00e4rung wird regelm\u00e4\u00dfig \u00fcberarbeitet und aktualisiert. Die letzte Aktualisierung erfolgte am 03.01.2021.<\/p>\n","protected":false},"excerpt":{"rendered":"<div class=\"mh-excerpt\"><p>Datenschutzerkl\u00e4rung des Campingplatz \u201eSietower Bucht\u201c \u00a0 Allgemeine Hinweise Der Schutz Ihrer Privatsph\u00e4re ist uns wichtig. Daher m\u00f6chten wir Sie einfach und verst\u00e4ndlich dar\u00fcber informieren, was <a class=\"mh-excerpt-more\" href=\"https:\/\/www.weicamp.de\/cms\/datenschutzerklaerung\/\" title=\"Datenschutz\">[&#8230;]<\/a><\/p>\n<\/div>","protected":false},"author":1,"featured_media":0,"parent":0,"menu_order":0,"comment_status":"closed","ping_status":"open","template":"","meta":{"footnotes":""},"class_list":["post-3","page","type-page","status-publish","hentry"],"_links":{"self":[{"href":"https:\/\/www.weicamp.de\/cms\/wp-json\/wp\/v2\/pages\/3","targetHints":{"allow":["GET"]}}],"collection":[{"href":"https:\/\/www.weicamp.de\/cms\/wp-json\/wp\/v2\/pages"}],"about":[{"href":"https:\/\/www.weicamp.de\/cms\/wp-json\/wp\/v2\/types\/page"}],"author":[{"embeddable":true,"href":"https:\/\/www.weicamp.de\/cms\/wp-json\/wp\/v2\/users\/1"}],"replies":[{"embeddable":true,"href":"https:\/\/www.weicamp.de\/cms\/wp-json\/wp\/v2\/comments?post=3"}],"version-history":[{"count":10,"href":"https:\/\/www.weicamp.de\/cms\/wp-json\/wp\/v2\/pages\/3\/revisions"}],"predecessor-version":[{"id":373,"href":"https:\/\/www.weicamp.de\/cms\/wp-json\/wp\/v2\/pages\/3\/revisions\/373"}],"wp:attachment":[{"href":"https:\/\/www.weicamp.de\/cms\/wp-json\/wp\/v2\/media?parent=3"}],"curies":[{"name":"wp","href":"https:\/\/api.w.org\/{rel}","templated":true}]}}