{"id":24,"date":"2018-12-02T19:19:27","date_gmt":"2018-12-02T18:19:27","guid":{"rendered":"http:\/\/weicamp.de\/cms\/?page_id=24"},"modified":"2025-10-05T08:05:42","modified_gmt":"2025-10-05T06:05:42","slug":"kontakt","status":"publish","type":"page","link":"https:\/\/www.weicamp.de\/cms\/kontakt\/","title":{"rendered":"Buchung\/Vormerkung"},"content":{"rendered":"\n<p class=\"has-vivid-red-color has-text-color\"><strong>Dies&nbsp;ist kein Kontaktformular.&nbsp; <\/strong><\/p>\n\n\n\n<p class=\"has-black-color has-text-color\">Leider kam es in der Vergangenheit in vielen F\u00e4llen vor, da\u00df eine Nachricht \u00fcber das Kontaktformular nicht \u00fcbermittelt wurde. <\/p>\n\n\n\n<p class=\"has-black-color has-text-color\"><strong>Schicken Sie die Anfrage bitte \u00fcber Ihr \u00fcbliches Online-Portal an weicamp@aol.com.<\/strong><\/p>\n\n\n\n<p class=\"has-vivid-red-color has-text-color\"><strong>Sie k\u00f6nnen jederzeit einen Platz Vormerken\/Reservieren lassen. Die Vormerkung ist keine Buchung, sondern eine Best\u00e4tigung, dass ich den Platz bis 28 Tage vor Anreisedatum f\u00fcr Sie reserviert habe. Erfolgt im Zeitraum 50 bis 28 Tage vor Anreisedatum keine Buchung Ihrerseits, verf\u00e4llt die Reservierung\/Vormerkung automatisch. Buchungen vor diesem Zeitraum werden nicht bearbeitet.<\/strong><\/p>\n\n\n\n<p class=\"has-vivid-red-color has-text-color\"><strong>Beachten&nbsp;Sie&nbsp;aber&nbsp;bitte,&nbsp;dass&nbsp;f\u00fcr&nbsp;die Bearbeitung Ihrer Buchung&nbsp;einige&nbsp;Mindestangaben&nbsp;n\u00f6tig&nbsp;sind.&nbsp;                                                    Geben&nbsp;Sie&nbsp;bei&nbsp;einer&nbsp;Buchung&nbsp;bitte&nbsp;immer&nbsp;Ihren Namen&nbsp;und&nbsp;Ihre&nbsp;Anschrift, die Daten zu Anreise und Abreise, die Anzahl der mitreisenden Personen, die Anzahl der ben\u00f6tigten Pl\u00e4tze und ob Sie mit Zelt, Wohnwagen oder Wohnmobil anreisen&nbsp;an. Beim Wohnmobil immer auch das zul\u00e4ssige Gesamtgewicht und beim Wohnwagen die Gesamtl\u00e4nge mit Deichsel angeben<\/strong>. <strong>Ohne diese Angaben ist eine Buchung nicht m\u00f6glich.&nbsp; &nbsp;<\/strong><\/p>\n\n\n\n<p class=\"has-vivid-red-color has-text-color\"><strong>Das Mitbringen von Haustieren ist nicht gestattet. Dies gilt auch f\u00fcr die Haustiere von G\u00e4sten. Wohnmobile mit einerm zul\u00e4ssigen Gesamtgewicht \u00fcber 3,5 Tonnen k\u00f6nnen nicht aufgenommen werden.<br> <br>Die Buchung ist erfolgt, wenn Sie eine Best\u00e4tigung von uns erhalten haben. Beachten Sie bitte, da\u00df die Bearbeitung innerhalb unserer Jahres\u00f6ffnungszeit in der Regel bis zu 24 Stunden dauert. Au\u00dferhalb unserer Jahres\u00f6ffnungszeit kann die Bearbeitung wegen eigenem Urlaub etc. deutlich l\u00e4nger dauern.<br>Eine kostenlose Stornierung ist bis zum Anreisetag 18.00 Uhr m\u00f6glich.<\/strong><\/p>\n\n\n\n<p class=\"has-vivid-red-color has-text-color\"><strong>Wir versuchen, Ihren Stellplatzwunsch zu erf\u00fcllen. Aus der Best\u00e4tigung eines bestimmten Stellplatzes ergibt sich aber kein Rechtsanspruch. Es kann in einigen wenigen F\u00e4llen vorkommen, dass aus unterschiedlichen Gr\u00fcnden der von Ihnen gebuchte Platz nicht zur Verf\u00fcgung steht. Wir stellen Ihnen dann einen gleichwertigen Stellplatz zur Verf\u00fcgung. In der Regel wird es der Nachbarplatz sein. Punkt 5 der Platzordnung hat immer Vorrang vor einem best\u00e4tigten Stellplatzwunsch.<\/strong><\/p>\n\n\n\n<p><\/p>\n\n\n\n<p><\/p>\n\n\n\n<p><\/p>\n\n\n\n<p><\/p>\n\n\n\n<p><\/p>\n\n\n\n<p><\/p>\n","protected":false},"excerpt":{"rendered":"<div class=\"mh-excerpt\"><p>Dies&nbsp;ist kein Kontaktformular.&nbsp; Leider kam es in der Vergangenheit in vielen F\u00e4llen vor, da\u00df eine Nachricht \u00fcber das Kontaktformular nicht \u00fcbermittelt wurde. Schicken Sie die <a class=\"mh-excerpt-more\" href=\"https:\/\/www.weicamp.de\/cms\/kontakt\/\" title=\"Buchung\/Vormerkung\">[&#8230;]<\/a><\/p>\n<\/div>","protected":false},"author":1,"featured_media":0,"parent":0,"menu_order":0,"comment_status":"closed","ping_status":"closed","template":"","meta":{"footnotes":""},"class_list":["post-24","page","type-page","status-publish","hentry"],"_links":{"self":[{"href":"https:\/\/www.weicamp.de\/cms\/wp-json\/wp\/v2\/pages\/24","targetHints":{"allow":["GET"]}}],"collection":[{"href":"https:\/\/www.weicamp.de\/cms\/wp-json\/wp\/v2\/pages"}],"about":[{"href":"https:\/\/www.weicamp.de\/cms\/wp-json\/wp\/v2\/types\/page"}],"author":[{"embeddable":true,"href":"https:\/\/www.weicamp.de\/cms\/wp-json\/wp\/v2\/users\/1"}],"replies":[{"embeddable":true,"href":"https:\/\/www.weicamp.de\/cms\/wp-json\/wp\/v2\/comments?post=24"}],"version-history":[{"count":11,"href":"https:\/\/www.weicamp.de\/cms\/wp-json\/wp\/v2\/pages\/24\/revisions"}],"predecessor-version":[{"id":684,"href":"https:\/\/www.weicamp.de\/cms\/wp-json\/wp\/v2\/pages\/24\/revisions\/684"}],"wp:attachment":[{"href":"https:\/\/www.weicamp.de\/cms\/wp-json\/wp\/v2\/media?parent=24"}],"curies":[{"name":"wp","href":"https:\/\/api.w.org\/{rel}","templated":true}]}}