{"id":2,"date":"2018-12-02T18:46:31","date_gmt":"2018-12-02T17:46:31","guid":{"rendered":"http:\/\/weicamp.de\/cms\/?page_id=2"},"modified":"2026-03-29T16:54:44","modified_gmt":"2026-03-29T14:54:44","slug":"beispiel-seite","status":"publish","type":"page","link":"https:\/\/www.weicamp.de\/cms\/","title":{"rendered":"Start"},"content":{"rendered":"<h3 style=\"text-align: center;\"><span style=\"color: #993300;\">Der Platz ist f\u00fcr Partyl\u00f6wen und Nachtschw\u00e4rmer eher nicht geeignet<\/span><\/h3>\n<p><img loading=\"lazy\" decoding=\"async\" class=\"wp-image-32 aligncenter\" src=\"http:\/\/weicamp.de\/cms\/wp-content\/uploads\/2018\/12\/Hub1-300x144.jpg\" alt=\"\" width=\"709\" height=\"340\" srcset=\"https:\/\/www.weicamp.de\/cms\/wp-content\/uploads\/2018\/12\/Hub1-300x144.jpg 300w, https:\/\/www.weicamp.de\/cms\/wp-content\/uploads\/2018\/12\/Hub1-768x368.jpg 768w, https:\/\/www.weicamp.de\/cms\/wp-content\/uploads\/2018\/12\/Hub1.jpg 1000w\" sizes=\"auto, (max-width: 709px) 100vw, 709px\" \/><\/p>\n<h2 style=\"text-align: center;\"><span style=\"color: #ff0000;\">Herzlich Willkommen am Westufer der M\u00fcritz<\/span><\/h2>\n<h3><span style=\"color: #800000;\">\u00a0 \u00a0 \u00a0 \u00a0 \u00a0 \u00a0 <\/span>&#8212;&#8212;&#8212;&#8212;&#8212;&#8212;&#8212;&#8212;&#8212;&#8212;&#8212;&#8212;&#8212;&#8212;&#8212;&#8212;&#8212;&#8212;&#8212;&#8212;&#8212;&#8212;&#8212;&#8212;&#8212;&#8212;&#8212;&#8212;&#8212;&#8212;&#8212;&#8212;&#8211;<\/h3>\n<h3><span style=\"color: #ff0000;\">Platz\u00f6ffnungszeit: 02.04.2026 bis 04.10.2026\u00a0 ( zur Zeit haben wir Winterpause )<\/span><\/h3>\n<p><strong><u>\u00d6ffnungszeiten der Anmeldung:<\/u><\/strong><\/p>\n<p><strong>Hauptsaison:\u00a0 13.05. bis 30.08.2026\u00a0 \u00a0 \u00a0 \u00a0 \u00a0 \u00a0 \u00a0 \u00a0 \u00a0 \u00a07.30 &#8211; 13.00 Uhr<\/strong><\/p>\n<p><strong>\u00a0\u00a0\u00a0\u00a0\u00a0\u00a0\u00a0\u00a0\u00a0\u00a0\u00a0\u00a0\u00a0\u00a0\u00a0\u00a0\u00a0\u00a0\u00a0\u00a0\u00a0\u00a0\u00a0\u00a0\u00a0\u00a0\u00a0\u00a0\u00a0\u00a0\u00a0\u00a0\u00a0\u00a0\u00a0\u00a0\u00a0\u00a0\u00a0\u00a0\u00a0\u00a0\u00a0\u00a0\u00a0\u00a0\u00a0\u00a0\u00a0\u00a0\u00a0\u00a0\u00a0\u00a0\u00a0\u00a0\u00a0\u00a0\u00a0\u00a0\u00a0\u00a0\u00a0\u00a0\u00a0\u00a0\u00a0\u00a0\u00a0\u00a0 \u00a0 \u00a0\u00a0\u00a0 15.00 &#8211; 22.00 Uhr<\/strong><\/p>\n<p><strong>\u00a0<\/strong><\/p>\n<p><strong>Nebensaison:\u00a0 02.04. bis 12.05. 2026\u00a0 \u00a0 \u00a0 \u00a0 \u00a0 \u00a0 \u00a0 \u00a0 \u00a07.30 &#8211;\u00a0 9.00 Uhr<\/strong><\/p>\n<p><strong>\u00a0\u00a0\u00a0\u00a0\u00a0\u00a0\u00a0\u00a0\u00a0\u00a0\u00a0\u00a0\u00a0\u00a0\u00a0\u00a0\u00a0\u00a0 und 31.08. bis 04.10. 2026\u00a0 \u00a0 \u00a0 \u00a0 \u00a0 \u00a0 \u00a0 \u00a018.30 &#8211; 19.00 Uhr<\/strong><\/p>\n<p><strong>Der Zugang zum Campingplatz ist in der Nebensaison au\u00dferhalb der \u00d6ffnungszeiten der Anmeldung \u00fcber Aush\u00e4nge im Schaukasten geregelt.<\/strong><\/p>\n<p>&#8212;&#8212;&#8212;&#8212;&#8212;&#8212;&#8212;&#8212;&#8212;&#8212;&#8212;&#8212;&#8212;&#8212;&#8212;&#8212;&#8212;&#8212;&#8212;&#8212;&#8212;&#8212;&#8212;&#8212;&#8212;&#8212;&#8212;&#8212;&#8212;&#8212;&#8212;&#8212;&#8212;&#8212;&#8212;&#8212;&#8212;&#8212;&#8211;<\/p>\n<p><span style=\"color: #800000;\"><strong>Wohnmobile \u00fcber 3,5 Tonnen zul\u00e4ssiges Gesamtgewicht und Wohnwagen \u00fcber eine L\u00e4nge von 8,20 Meter k\u00f6nnen nicht aufgenommen werden.<\/strong><\/span><\/p>\n<p><span style=\"color: #800000;\"><strong>Das Mitbringen von Haustieren ist nicht gestattet. Dies gilt auch f\u00fcr die Haustiere von G\u00e4sten. Ausnahmen f\u00fcr Dauercamper und Stammg\u00e4ste wurden abschlie\u00dfend vom Platzbetreiber erteilt.<\/strong><\/span><\/p>\n<h4><span style=\"color: #800000;\">!!! Wir sind ein kleiner Campingplatz mit 20 Touristenpl\u00e4tze. Es kann immer vorkommen, insbesondere zu Himmelfahrt, Pfingsten und in den Monaten Juni bis August, da\u00df der Platz voll belegt ist. Eine Aufnahme ohne Buchung, auch von Radfahrern und Wanderern, ist dann nicht m\u00f6glich!!!<\/span><\/h4>\n<p><strong><span style=\"color: #800000;\">Der CEE Stromanschlu\u00df ist nicht f\u00fcr das Aufladen von E- und Hybrid-Fahrzeugen konzipiert und damit auch nicht geeignet, Das Aufladen ist nicht gestattet. F\u00fcr Sch\u00e4den wegen unerlaubten Gebrauchs haftet der Nutzer.<\/span><\/strong><\/p>\n","protected":false},"excerpt":{"rendered":"<div class=\"mh-excerpt\"><p>Der Platz ist f\u00fcr Partyl\u00f6wen und Nachtschw\u00e4rmer eher nicht geeignet Herzlich Willkommen am Westufer der M\u00fcritz \u00a0 \u00a0 \u00a0 \u00a0 \u00a0 \u00a0 &#8212;&#8212;&#8212;&#8212;&#8212;&#8212;&#8212;&#8212;&#8212;&#8212;&#8212;&#8212;&#8212;&#8212;&#8212;&#8212;&#8212;&#8212;&#8212;&#8212;&#8212;&#8212;&#8212;&#8212;&#8212;&#8212;&#8212;&#8212;&#8212;&#8212;&#8212;&#8212;&#8211; Platz\u00f6ffnungszeit: 02.04.2026 <a class=\"mh-excerpt-more\" href=\"https:\/\/www.weicamp.de\/cms\/\" title=\"Start\">[&#8230;]<\/a><\/p>\n<\/div>","protected":false},"author":1,"featured_media":0,"parent":0,"menu_order":0,"comment_status":"closed","ping_status":"open","template":"","meta":{"footnotes":""},"class_list":["post-2","page","type-page","status-publish","hentry"],"_links":{"self":[{"href":"https:\/\/www.weicamp.de\/cms\/wp-json\/wp\/v2\/pages\/2","targetHints":{"allow":["GET"]}}],"collection":[{"href":"https:\/\/www.weicamp.de\/cms\/wp-json\/wp\/v2\/pages"}],"about":[{"href":"https:\/\/www.weicamp.de\/cms\/wp-json\/wp\/v2\/types\/page"}],"author":[{"embeddable":true,"href":"https:\/\/www.weicamp.de\/cms\/wp-json\/wp\/v2\/users\/1"}],"replies":[{"embeddable":true,"href":"https:\/\/www.weicamp.de\/cms\/wp-json\/wp\/v2\/comments?post=2"}],"version-history":[{"count":111,"href":"https:\/\/www.weicamp.de\/cms\/wp-json\/wp\/v2\/pages\/2\/revisions"}],"predecessor-version":[{"id":697,"href":"https:\/\/www.weicamp.de\/cms\/wp-json\/wp\/v2\/pages\/2\/revisions\/697"}],"wp:attachment":[{"href":"https:\/\/www.weicamp.de\/cms\/wp-json\/wp\/v2\/media?parent=2"}],"curies":[{"name":"wp","href":"https:\/\/api.w.org\/{rel}","templated":true}]}}