{"id":190,"date":"2019-01-14T13:47:25","date_gmt":"2019-01-14T12:47:25","guid":{"rendered":"http:\/\/weicamp.de\/cms\/?page_id=190"},"modified":"2025-04-26T08:19:13","modified_gmt":"2025-04-26T06:19:13","slug":"platzordnung","status":"publish","type":"page","link":"https:\/\/www.weicamp.de\/cms\/platzordnung\/","title":{"rendered":"Platzordnung"},"content":{"rendered":"\n<p><strong><em>&nbsp;&nbsp;&nbsp;&nbsp;&nbsp;&nbsp;&nbsp;&nbsp;&nbsp;&nbsp;&nbsp;&nbsp;&nbsp;&nbsp;&nbsp;&nbsp;&nbsp;&nbsp;&nbsp;&nbsp;&nbsp;&nbsp;\nPlatzordnung (leicht gek\u00fcrzt)<\/em><\/strong><strong><\/strong><\/p>\n\n\n\n<p>Sehr geehrter Campinggast,<\/p>\n\n\n\n<p>herzlich Willkommen in Sietow-Dorf. Wir w\u00fcnschen Ihnen einen angenehmen Aufenthalt. Wir sind bem\u00fcht, Ihnen die Zeit, die Sie bei uns verbringen, so angenehm wie m\u00f6glich zu gestalten. Im Interesse aller anwesenden Campingg\u00e4ste werden Sie h\u00f6flich gebeten, alles zu vermeiden, was die Gemeinschaft der Campingg\u00e4ste st\u00f6ren k\u00f6nnte. Beachten Sie daher darum bitte die nachstehende Platzordnung:<\/p>\n\n\n\n<p>1.&nbsp;&nbsp;&nbsp;Der Zutritt zum Campingplatz ist nur nach Anmeldung oder laut Aushang gestattet. Der ankommende Campinggast bzw. Besucher meldet sich zuerst bei der Anmeldung an. Der Platzbetreiber kann die Personaldokumente jedes Campinggastes bzw. Besuchers in Augenschein nehmen. In der Nebensaison ist die Anmeldung nur stundenweise besetzt. Der Zugang zum Platz ist dann \u00fcber Informationen im Schaukasten geregelt. Vor dem endg\u00fcltigen Verlassen des Platzes meldet sich der Campinggast bei der Anmeldung wieder ab.&nbsp;<\/p>\n\n\n\n<p>2.&nbsp;&nbsp;&nbsp;Der Campinggast bzw. Besucher zahlt\nnach dem Entgeltverzeichnis die f\u00fcr seinen genutzten Stellplatz g\u00fcltigen\nGeb\u00fchren.<\/p>\n\n\n\n<p>&nbsp;3.&nbsp;&nbsp; Ordnung und Sauberkeit sind\nselbstverst\u00e4ndliche Pflichten aller Benutzer des Campingplatzes. Alle Anlagen\nund Einrichtungen sind schonend zu behandeln. Das Abrei\u00dfen von \u00c4sten und\nZweigen von Hecken und B\u00e4umen ist verboten.<\/p>\n\n\n\n<p>4.&nbsp;&nbsp; Unn\u00f6tige Vergeudung von Trinkwasser ist zu unterlassen. Das Waschen von Fahrzeugen ist auf dem Campingplatz untersagt. Der&nbsp;CEE&nbsp;Stromanschlu\u00df&nbsp;ist&nbsp;nicht&nbsp;f\u00fcr&nbsp;das&nbsp;Aufladen&nbsp;von&nbsp;E-&nbsp;und&nbsp;Hybrid-Fahrzeugen&nbsp;konzipiert&nbsp;und&nbsp;damit  auch nicht geeignet. Das Aufladen ist nicht gestattet. F\u00fcr Sch\u00e4den  wegen unerlaubten Gebrauchs haftet der Nutzer.<\/p>\n\n\n\n<p>5.&nbsp;&nbsp;&nbsp;Den Weisungen des Platzbetreibers (hierzu z\u00e4hlen auch Hinweisschilder) muss Folge geleistet werden, insbesondere bez\u00fcglich des Zugangs zum Platz, der Aufstellung von Kraftfahrzeugen, Wohnwagen, Zelten und \u00e4hnlichen Anlagen sowohl im Bezug auf&nbsp;Umwelt- und Brandschutz.<\/p>\n\n\n\n<p>\u00a06.\u00a0\u00a0 Hunde und andere Haustiere sind auf dem Campingplatz grunds\u00e4tzlich nicht erlaubt. Soweit eine Ausnahmegenehmigung vorliegt, m\u00fcssen diese st\u00e4ndig angeleint bzw. in geschlossenen K\u00e4figen gehalten werden. Die Besitzer sind f\u00fcr die Reinhaltung des Platzes verantwortlich.<\/p>\n\n\n\n<p>&nbsp;7.&nbsp;&nbsp; Das unerlaubte Umgrenzen der\nStandfl\u00e4chen mit Gr\u00e4ben, Hecken, etc. ist untersagt. Es ist darauf zu achten,\ndass niemand durch Zeltpfl\u00f6cke, Schn\u00fcre oder anderes Zubeh\u00f6r gef\u00e4hrdet oder\nbel\u00e4stigt wird. <strong>Der Campingplatz ist ein Rasenplatz und soll es auch\nbleiben. Das Auslegen von Materialien, die eine Luftzirkulation und den\nDurchwuchs des Rasen verhindern ( z.B. Folien, Abdeckplanen, Rasenteppiche ),\nist nicht gestattet. Zelte sind nach 5 Tagen umzusetzen.<\/strong><\/p>\n\n\n\n<p>8.&nbsp;&nbsp;&nbsp;Abf\u00e4lle aller Art geh\u00f6ren\nausschlie\u00dflich in die hierf\u00fcr vorgesehenen Abfallbeh\u00e4lter. Chemietoiletten\nd\u00fcrfen nicht ins \u00f6ffentliche Abwassernetz entsorgt werden. Wegen der Entsorgung\nfragen Sie den Platzwart.<\/p>\n\n\n\n<p>9.\u00a0\u00a0\u00a0Grillen, Aztekenfeuer und \u00c4hnliches <strong>mit Glutauffangschale <\/strong>ist erlaubt. Die Grunds\u00e4tze des Brandschutzes sind zu beachten. Insbesondere ist Funkenflug zu unterbinden und der Abstand zu brennbaren Gegenst\u00e4nden (Zelten) ausreichend gro\u00df zu bemessen. Offene Feuer sind bis sp\u00e4testens 22.30 Uhr zu l\u00f6schen. <strong>Das Anlegen von Feuerstellen ist untersagt.<\/strong><\/p>\n\n\n\n<p>10.&nbsp;Die Platzruhe dauert von 13.00 \u2013 15.00 Uhr sowie von 22.30 \u2013 06.00 Uhr. W\u00e4hrend dieser Zeit d\u00fcrfen&nbsp; keine Fahrzeuge den Campingplatz befahren. Die Zufahrt zum Platz wird durch eine Schranke blockiert Im Interesse aller Platzg\u00e4ste darf das Betreiben von Ger\u00e4ten und Unterhaltung in dieser Zeit nur in \u201eZeltlautst\u00e4rke\u201c erfolgen. Wer gegen die Bestimmungen der Platzruhe in grober Weise verst\u00f6\u00dft, kann mit sofortigem Platzverweis rechnen.<\/p>\n\n\n\n<p>11.&nbsp;Auch tags\u00fcber ist ruhest\u00f6render L\u00e4rm grunds\u00e4tzlich\nzu unterlassen.<\/p>\n\n\n\n<p>12. S\u00e4mtliche sportliche Aktivit\u00e4ten auf dem Campingplatz sind\nso zu gestalten, dass sie keinen anderen Campinggast bel\u00e4stigen oder gef\u00e4hrden.\n<\/p>\n\n\n\n<p>13.&nbsp;Das fahren mit Fahrzeugen aller Art (auch\nFahrr\u00e4der) ist nur in Schrittgeschwindigkeit gestattet.<\/p>\n\n\n\n<p>14.&nbsp;Der Standplatz ist vom Campinggast vor seiner\nAbreise vollst\u00e4ndig in Ordnung zu bringen.<\/p>\n\n\n\n<p>15.&nbsp;Der Campingplatz ist Erholungssuchenden\nvorbehalten. Die Aus\u00fcbung eines Gewerbes auf&nbsp; oder von dem Campingplatz\naus und Schaustellung auf dem Platz bed\u00fcrfen der Genehmigung durch den\nPlatzwart.<\/p>\n\n\n\n<p>16.&nbsp;Der Platzbetreiber ist in Aus\u00fcbung des Hausrechts\nberechtigt, ohne Angabe von Gr\u00fcnden die Aufnahme von Personen zu verweigern\noder Personen des Platzes zu verweisen, wenn dies zur Aufrechterhaltung der\nSicherheit und Ordnung auf dem Campingplatz erforderlich erscheint oder die\nPersonen durch ihr \u00f6ffentliches Auftreten das Ansehen des Platzes sch\u00e4digen\noder gesch\u00e4digt haben ( z.B. Randalieren, Versto\u00df gegen Strand- und Badeordnung\nder \u00f6ffentlichen Badestelle ).<\/p>\n\n\n\n<p>&nbsp;17.&nbsp;Der Stellplatz steht dem Campinggast am Anreisetag ab 15.30 Uhr zur Verf\u00fcgung und ist am Abreisetag bis 12.30 Uhr zu r\u00e4umen.&nbsp; <strong>Reservierungen gelten nur bis 18.00 Uhr des geplanten<br>Anreisetages.<\/strong> Wir versuchen, Ihren Stellplatzwunsch zu erf\u00fcllen. Aus der Best\u00e4tigung eines bestimmten Stellplatzes ergibt sich aber kein Rechtsanspruch. Es kann in einigen wenigen F\u00e4llen vorkommen, dass aus unterschiedlichen Gr\u00fcnden der von Ihnen gebuchte Platz nicht zur Verf\u00fcgung steht. Wir stellen Ihnen dann einen gleichwertigen Stellplatz zur Verf\u00fcgung. In der Regel wird es der Nachbarplatz sein. Punkt 5 der Platzordnung hat immer Vorrang vor einem best\u00e4tigten Stellplatzwunsch.<\/p>\n\n\n\n<p><\/p>\n","protected":false},"excerpt":{"rendered":"<div class=\"mh-excerpt\"><p>&nbsp;&nbsp;&nbsp;&nbsp;&nbsp;&nbsp;&nbsp;&nbsp;&nbsp;&nbsp;&nbsp;&nbsp;&nbsp;&nbsp;&nbsp;&nbsp;&nbsp;&nbsp;&nbsp;&nbsp;&nbsp;&nbsp; Platzordnung (leicht gek\u00fcrzt) Sehr geehrter Campinggast, herzlich Willkommen in Sietow-Dorf. Wir w\u00fcnschen Ihnen einen angenehmen Aufenthalt. Wir sind bem\u00fcht, Ihnen die Zeit, die Sie <a class=\"mh-excerpt-more\" href=\"https:\/\/www.weicamp.de\/cms\/platzordnung\/\" title=\"Platzordnung\">[&#8230;]<\/a><\/p>\n<\/div>","protected":false},"author":1,"featured_media":0,"parent":0,"menu_order":0,"comment_status":"closed","ping_status":"closed","template":"","meta":{"footnotes":""},"class_list":["post-190","page","type-page","status-publish","hentry"],"_links":{"self":[{"href":"https:\/\/www.weicamp.de\/cms\/wp-json\/wp\/v2\/pages\/190","targetHints":{"allow":["GET"]}}],"collection":[{"href":"https:\/\/www.weicamp.de\/cms\/wp-json\/wp\/v2\/pages"}],"about":[{"href":"https:\/\/www.weicamp.de\/cms\/wp-json\/wp\/v2\/types\/page"}],"author":[{"embeddable":true,"href":"https:\/\/www.weicamp.de\/cms\/wp-json\/wp\/v2\/users\/1"}],"replies":[{"embeddable":true,"href":"https:\/\/www.weicamp.de\/cms\/wp-json\/wp\/v2\/comments?post=190"}],"version-history":[{"count":10,"href":"https:\/\/www.weicamp.de\/cms\/wp-json\/wp\/v2\/pages\/190\/revisions"}],"predecessor-version":[{"id":666,"href":"https:\/\/www.weicamp.de\/cms\/wp-json\/wp\/v2\/pages\/190\/revisions\/666"}],"wp:attachment":[{"href":"https:\/\/www.weicamp.de\/cms\/wp-json\/wp\/v2\/media?parent=190"}],"curies":[{"name":"wp","href":"https:\/\/api.w.org\/{rel}","templated":true}]}}