{"id":173,"date":"2019-01-14T11:31:50","date_gmt":"2019-01-14T10:31:50","guid":{"rendered":"http:\/\/weicamp.de\/cms\/?page_id=173"},"modified":"2024-07-29T09:44:05","modified_gmt":"2024-07-29T07:44:05","slug":"impressum","status":"publish","type":"page","link":"https:\/\/www.weicamp.de\/cms\/impressum\/","title":{"rendered":"Impressum"},"content":{"rendered":"\n<p><strong>Campingplatz\n\u201eSietower Bucht\u201c<\/strong><\/p>\n\n\n\n<p><strong>Andreas\nWeidler<\/strong><\/p>\n\n\n\n<p><strong>Dorfstr.\n21<\/strong><\/p>\n\n\n\n<p><strong>17209 Sietow-Dorf<\/strong><\/p>\n\n\n\n<p><\/p>\n\n\n\n<p>Betreiber und verantwortlich f\u00fcr die Internetseite\nim Sinne des Medienrechts:<\/p>\n\n\n\n<p>Andreas Weidler<\/p>\n\n\n\n<p>Dorfstr. 21<\/p>\n\n\n\n<p>17209 Sietow- Dorf<\/p>\n\n\n\n<p>Tel:&nbsp;&nbsp;&nbsp;&nbsp; 039931-52068<\/p>\n\n\n\n<p>Fax:&nbsp;&nbsp;&nbsp; 039931-54568<\/p>\n\n\n\n<p>E-Mail: <a href=\"mailto:weicamp@aol.com\">weicamp@aol.com<\/a><\/p>\n\n\n\n<p><\/p>\n\n\n\n<p><strong>Haftungsausschluss<\/strong><\/p>\n\n\n\n<p><strong>1.\nInhalt meiner Internetseiten<\/strong><\/p>\n\n\n\n<p>Obwohl\nich bem\u00fcht bin, die Informationen aktuell zu halten, kann immer mal ein Fehler\nauftreten oder eine Information ohne mein Wissen \u00fcberholt sein. F\u00fcr die\nAktualit\u00e4t, Korrektheit, Vollst\u00e4ndigkeit oder Qualit\u00e4t der bereitgestellten\nInformationen \u00fcbernehme ich keine Gew\u00e4hr. Alle Angebote sind freibleibend und\nunverbindlich. Ich behalte es mir vor, Teile der Seiten oder das gesamte\nAngebot ohne gesonderte Ank\u00fcndigung zu ver\u00e4ndern, zu erg\u00e4nzen, zu l\u00f6schen oder\ndie Ver\u00f6ffentlichung zeitweise oder endg\u00fcltig einzustellen. <br>\n&nbsp;<\/p>\n\n\n\n<p><strong>2.\nVerweise und Links<\/strong><\/p>\n\n\n\n<p>Mit Urteil vom 12. Mai 1998 hat das Landgericht Hamburg entschieden, dass durch das Platzieren eines Links der Bertreiber einer Internetseite die Inhalte der gelinkten Seite gegebenenfalls mit zu verantworten hat. Dies kann nur dadurch verhindert werden, dass der Betreiber der Internetseite sich ausdr\u00fccklich von den Inhalten der verlinkten Seiten distanziert. Hiermit wird durch mich ausdr\u00fccklich erkl\u00e4rt, dass ich keinerlei Einfluss auf die Gestaltung und die Inhalte jeder gelinkten Seite habe. Trotz sorgf\u00e4ltiger inhaltlicher Kontrolle \u00fcbernehme ich keine Haftung f\u00fcr die Inhalte externer Links. F\u00fcr den Inhalt der verlinkten Seiten sind ausschlie\u00dflich deren Betreiber verantwortlich. Diese Erkl\u00e4rung gilt f\u00fcr alle angezeigten externen Links und f\u00fcr alle Inhalte fremder Seiten, zu denen auf meinen Seiten sichtbare Banner, Buttons und sonstige Verweise f\u00fchren.<br> \u00a0<\/p>\n\n\n\n<p><strong>3.\nUrheber- und Kennzeichenrecht<\/strong><\/p>\n\n\n\n<p>Ich bin\nbestrebt, in allen Ver\u00f6ffentlichungen die Urheberrechte der verwendeten\nGrafiken, Tondokumente, Videosequenzen und Texte zu beachten. Das Copyright f\u00fcr\nver\u00f6ffentlichte, von mir selbst erstellte Objekte bleibt allein bei mir. Eine\nVervielf\u00e4ltigung oder Verwendung solcher Grafiken und Texte in anderen\nelektronischen oder gedruckten Publikationen ist ohne meine ausdr\u00fcckliche\nZustimmung nicht gestattet. <br>\n&nbsp;<\/p>\n\n\n\n<p><strong>4.\nRechtswirksamkeit dieses Haftungsausschlusses<\/strong>\n\nDieser\nHaftungsausschluss ist als Teil meiner Internetseiten zu betrachten. Sofern\nTeile oder einzelne Formulierungen dieses Textes der geltenden Rechtslage\nnicht, nicht mehr oder nicht vollst\u00e4ndig entsprechen sollten, bleiben die\n\u00fcbrigen Teile des Dokumentes in ihrem Inhalt und ihrer G\u00fcltigke\n\n\n\n<\/p>\n\n\n\n<p><br><\/p>\n","protected":false},"excerpt":{"rendered":"<div class=\"mh-excerpt\"><p>Campingplatz \u201eSietower Bucht\u201c Andreas Weidler Dorfstr. 21 17209 Sietow-Dorf Betreiber und verantwortlich f\u00fcr die Internetseite im Sinne des Medienrechts: Andreas Weidler Dorfstr. 21 17209 Sietow- <a class=\"mh-excerpt-more\" href=\"https:\/\/www.weicamp.de\/cms\/impressum\/\" title=\"Impressum\">[&#8230;]<\/a><\/p>\n<\/div>","protected":false},"author":1,"featured_media":0,"parent":0,"menu_order":0,"comment_status":"closed","ping_status":"closed","template":"","meta":{"footnotes":""},"class_list":["post-173","page","type-page","status-publish","hentry"],"_links":{"self":[{"href":"https:\/\/www.weicamp.de\/cms\/wp-json\/wp\/v2\/pages\/173","targetHints":{"allow":["GET"]}}],"collection":[{"href":"https:\/\/www.weicamp.de\/cms\/wp-json\/wp\/v2\/pages"}],"about":[{"href":"https:\/\/www.weicamp.de\/cms\/wp-json\/wp\/v2\/types\/page"}],"author":[{"embeddable":true,"href":"https:\/\/www.weicamp.de\/cms\/wp-json\/wp\/v2\/users\/1"}],"replies":[{"embeddable":true,"href":"https:\/\/www.weicamp.de\/cms\/wp-json\/wp\/v2\/comments?post=173"}],"version-history":[{"count":9,"href":"https:\/\/www.weicamp.de\/cms\/wp-json\/wp\/v2\/pages\/173\/revisions"}],"predecessor-version":[{"id":637,"href":"https:\/\/www.weicamp.de\/cms\/wp-json\/wp\/v2\/pages\/173\/revisions\/637"}],"wp:attachment":[{"href":"https:\/\/www.weicamp.de\/cms\/wp-json\/wp\/v2\/media?parent=173"}],"curies":[{"name":"wp","href":"https:\/\/api.w.org\/{rel}","templated":true}]}}