{"id":115,"date":"2019-01-07T09:20:24","date_gmt":"2019-01-07T08:20:24","guid":{"rendered":"http:\/\/weicamp.de\/cms\/?page_id=115"},"modified":"2026-03-29T16:53:05","modified_gmt":"2026-03-29T14:53:05","slug":"preise-2019","status":"publish","type":"page","link":"https:\/\/www.weicamp.de\/cms\/preise-2019\/","title":{"rendered":"Preise 2026"},"content":{"rendered":"\n<figure class=\"wp-block-image size-full\"><img loading=\"lazy\" decoding=\"async\" width=\"1811\" height=\"2560\" src=\"https:\/\/www.weicamp.de\/cms\/wp-content\/uploads\/2026\/03\/1-Preisliste-2026-scaled.jpg\" alt=\"\" class=\"wp-image-694\" srcset=\"https:\/\/www.weicamp.de\/cms\/wp-content\/uploads\/2026\/03\/1-Preisliste-2026-scaled.jpg 1811w, https:\/\/www.weicamp.de\/cms\/wp-content\/uploads\/2026\/03\/1-Preisliste-2026-212x300.jpg 212w, https:\/\/www.weicamp.de\/cms\/wp-content\/uploads\/2026\/03\/1-Preisliste-2026-724x1024.jpg 724w, https:\/\/www.weicamp.de\/cms\/wp-content\/uploads\/2026\/03\/1-Preisliste-2026-768x1086.jpg 768w, https:\/\/www.weicamp.de\/cms\/wp-content\/uploads\/2026\/03\/1-Preisliste-2026-1086x1536.jpg 1086w, https:\/\/www.weicamp.de\/cms\/wp-content\/uploads\/2026\/03\/1-Preisliste-2026-1448x2048.jpg 1448w\" sizes=\"auto, (max-width: 1811px) 100vw, 1811px\" \/><\/figure>\n\n\n\n<p><strong>Eine Buchung kann schriftlich,  formlos unter Angabe von Namen,  Anschrift und Buchungswunsch per Post, Fax  oder direkt an unsere E-Mail Adresse erfolgen. Bei Wohnmobilen bitte immer das zul\u00e4ssige Gesamtgewicht angeben. Wohnmobile \u00fcber 3,5 Tonnen zul\u00e4ssiges Gesamtgewicht und Wohnwagen \u00fcber eine L\u00e4nge von 8,20 Meter k\u00f6nnen nicht aufgenommen werden. Die Buchung ist dann erfolgt, wenn Sie von mir eine  Buchungsbest\u00e4tigung erhalten haben und eine evtl. Anzahlung fristgerecht  geleistet ist. <\/strong><\/p>\n","protected":false},"excerpt":{"rendered":"<div class=\"mh-excerpt\"><p>Eine Buchung kann schriftlich, formlos unter Angabe von Namen, Anschrift und Buchungswunsch per Post, Fax oder direkt an unsere E-Mail Adresse erfolgen. Bei Wohnmobilen bitte <a class=\"mh-excerpt-more\" href=\"https:\/\/www.weicamp.de\/cms\/preise-2019\/\" title=\"Preise 2026\">[&#8230;]<\/a><\/p>\n<\/div>","protected":false},"author":1,"featured_media":0,"parent":0,"menu_order":0,"comment_status":"closed","ping_status":"closed","template":"","meta":{"footnotes":""},"class_list":["post-115","page","type-page","status-publish","hentry"],"_links":{"self":[{"href":"https:\/\/www.weicamp.de\/cms\/wp-json\/wp\/v2\/pages\/115","targetHints":{"allow":["GET"]}}],"collection":[{"href":"https:\/\/www.weicamp.de\/cms\/wp-json\/wp\/v2\/pages"}],"about":[{"href":"https:\/\/www.weicamp.de\/cms\/wp-json\/wp\/v2\/types\/page"}],"author":[{"embeddable":true,"href":"https:\/\/www.weicamp.de\/cms\/wp-json\/wp\/v2\/users\/1"}],"replies":[{"embeddable":true,"href":"https:\/\/www.weicamp.de\/cms\/wp-json\/wp\/v2\/comments?post=115"}],"version-history":[{"count":21,"href":"https:\/\/www.weicamp.de\/cms\/wp-json\/wp\/v2\/pages\/115\/revisions"}],"predecessor-version":[{"id":695,"href":"https:\/\/www.weicamp.de\/cms\/wp-json\/wp\/v2\/pages\/115\/revisions\/695"}],"wp:attachment":[{"href":"https:\/\/www.weicamp.de\/cms\/wp-json\/wp\/v2\/media?parent=115"}],"curies":[{"name":"wp","href":"https:\/\/api.w.org\/{rel}","templated":true}]}}